{"id":214,"date":"2010-05-13T09:53:06","date_gmt":"2010-05-13T13:53:06","guid":{"rendered":"https:\/\/www.capacityproject.org\/framework\/es\/?page_id=214"},"modified":"2010-05-13T10:26:54","modified_gmt":"2010-05-13T14:26:54","slug":"ejemplos-de-pais","status":"publish","type":"page","link":"https:\/\/www.capacityproject.org\/framework\/es\/ejemplos-de-pais\/","title":{"rendered":"Ejemplos de Pa\u00eds"},"content":{"rendered":"<p>Muchos pa\u00edses y programas han utilizado el Marco de Acci\u00f3n de RHS (HAF) para guiar sus estrategias y planes de RHS. Los siguientes estudios de caso contienen informaci\u00f3n pr\u00e1ctica sobre como utilizar el HAF. Si usted quiere contribuir al estudio de caso, por favor <a href=\"https:\/\/www.capacityproject.org\/framework\/es\/contacto\/\" target=\"_blank\">cont\u00e1ctenos<\/a>.<\/p>\n<ul>\n<li><a href=\"https:\/\/www.capacityproject.org\/framework\/es\/la-experiencia-de-uganda\/\">La Experiencia de Uganda<\/a><\/li>\n<li><a href=\"https:\/\/www.capacityproject.org\/framework\/es\/la-provincia-noreste-de-kenya\">Aplicaci\u00f3n del HAF en la Provincia Noreste de Kenya<\/a><\/li>\n<li><a href=\"https:\/\/www.capacityproject.org\/framework\/es\/caso-de-estudio-de-peru\/ \">Aplicaci\u00f3n del HAG: caso de estudio de Per\u00fa<\/a><\/li>\n<li><a href=\"https:\/\/www.capacityproject.org\/framework\/es\/la-experiencia-de-vietnam\">La Experiencia de Vietnam<\/a><\/li>\n<li><a href=\"https:\/\/www.capacityproject.org\/framework\/es\/programa-nacional-de-tuberculosis\/\">Uso del HAF en la planificaci\u00f3n estrat\u00e9gica de RHS: Programa Nacional de Tuberculosis<\/a><\/li>\n<\/ul>\n","protected":false},"excerpt":{"rendered":"<p>Muchos pa\u00edses y programas han utilizado el Marco de Acci\u00f3n de RHS (HAF) para guiar sus estrategias y planes de RHS. Los siguientes estudios de caso contienen informaci\u00f3n pr\u00e1ctica sobre como utilizar el HAF. Si usted quiere contribuir al estudio de caso, por favor cont\u00e1ctenos. La Experiencia de Uganda Aplicaci\u00f3n del HAF en la Provincia [&hellip;]<\/p>\n","protected":false},"author":4,"featured_media":0,"parent":0,"menu_order":0,"comment_status":"open","ping_status":"open","template":"","meta":[],"_links":{"self":[{"href":"https:\/\/www.capacityproject.org\/framework\/es\/wp-json\/wp\/v2\/pages\/214"}],"collection":[{"href":"https:\/\/www.capacityproject.org\/framework\/es\/wp-json\/wp\/v2\/pages"}],"about":[{"href":"https:\/\/www.capacityproject.org\/framework\/es\/wp-json\/wp\/v2\/types\/page"}],"author":[{"embeddable":true,"href":"https:\/\/www.capacityproject.org\/framework\/es\/wp-json\/wp\/v2\/users\/4"}],"replies":[{"embeddable":true,"href":"https:\/\/www.capacityproject.org\/framework\/es\/wp-json\/wp\/v2\/comments?post=214"}],"version-history":[{"count":9,"href":"https:\/\/www.capacityproject.org\/framework\/es\/wp-json\/wp\/v2\/pages\/214\/revisions"}],"predecessor-version":[{"id":224,"href":"https:\/\/www.capacityproject.org\/framework\/es\/wp-json\/wp\/v2\/pages\/214\/revisions\/224"}],"wp:attachment":[{"href":"https:\/\/www.capacityproject.org\/framework\/es\/wp-json\/wp\/v2\/media?parent=214"}],"curies":[{"name":"wp","href":"https:\/\/api.w.org\/{rel}","templated":true}]}}