{"id":69,"date":"2008-04-28T18:57:14","date_gmt":"2008-04-28T22:57:14","guid":{"rendered":"http:\/\/hrhframework.devhammer.com\/framework\/es\/?page_id=3"},"modified":"2011-02-04T16:14:28","modified_gmt":"2011-02-04T20:14:28","slug":"acerca","status":"publish","type":"page","link":"https:\/\/www.capacityproject.org\/framework\/es\/acerca\/","title":{"rendered":"Acerca del Marco de acci\u00f3n de RHS"},"content":{"rendered":"<p>El sitio web del Marco de acci\u00f3n de RHS es una iniciativa de la Alianza Mundial por el Personal de Salud (Global Health Workforce Alliance \u2013 GHWA) y representa un esfuerzo de colaboraci\u00f3n entre la Agencia de los Estados Unidos para el Desarrollo Internacional (USAID) y la Organizaci\u00f3n Mundial de la Salud (OMS). Capacity<em>Plus<\/em> es el administrador del sitio web.<\/p>\n<p>El trabajo sustantivo para el desarrollo del Marco de acci\u00f3n de RHS comenz\u00f3 en una reuni\u00f3n realizada en diciembre de 2005, patrocinada por USAID y la OMS, con la Organizaci\u00f3n Panamericana de la Salud (OPS) como ente anfitri\u00f3n. Representantes de agencias multilaterales y bilaterales, organizaciones no gubernamentales y la comunidad acad\u00e9mica participaron en la reuni\u00f3n y contribuyeron al desarrollo de este marco t\u00e9cnico com\u00fan de RHS.<\/p>\n<p>Participaron las siguientes organizaciones:<\/p>\n<ul>\n<li>Consejo Africano para el Desarrollo Sostenible (ACOSHED, por sus siglas en ingl\u00e9s)<\/li>\n<li>Socios de Capacity Project de IntraHealth International, Liverpool Associates in Tropical Health (LATH) y Training Resources Group (TRG)<\/li>\n<li>Agencia Canadiense de Desarrollo Internacional (ACDI)<\/li>\n<li>Institutos Canadienses de Investigaci\u00f3n en Salud (CIHR, por sus siglas en ingl\u00e9s)<\/li>\n<li>Ministerio de Salud de Ghana<\/li>\n<li>Global Equity Initiative<\/li>\n<li>Alianza Mundial por el Personal de Salud (GHWA, por sus siglas en ingl\u00e9s)<\/li>\n<li>Health Canada<\/li>\n<li>Administraci\u00f3n de Recursos y Servicios de Salud, Departamento de Salud y Servicios Humanos de los Estados Unidos (HRSA, por sus siglas en ingl\u00e9s)<\/li>\n<li>International Training and Education Center on HIV (I-TECH)<\/li>\n<li>Management Sciences for Health (MSH)<\/li>\n<li>Ministerio de Salud \u2013 Seychelles<\/li>\n<li>Ministerio de Salud de Zambia<\/li>\n<li>Nuevo Asocio Africano para el Desarrollo (NEPAD, por sus siglas en ingl\u00e9s)<\/li>\n<li>Oficina de Salud Mundial, Centros para el Control y la Prevenci\u00f3n de Enfermedades (CDC, por sus siglas en ingl\u00e9s), Proyecto Partners for Health Reformplus (PHRplus)<\/li>\n<li>Escuela de Salud P\u00fablica, University of the Western Cape<\/li>\n<li>Agencia de los Estados Unidos para el Desarrollo Internacional (USAID)<\/li>\n<li>Oficina Regional para el \u00c1frica de la Organizaci\u00f3n Mundial de la Salud (OMS\/AFRO)<\/li>\n<li>Organizaci\u00f3n Mundial de la Salud (OMS), Ginebra<\/li>\n<li>Banco Mundial<\/li>\n<\/ul>\n<p>Para obtener m\u00e1s informaci\u00f3n, comun\u00edquese con nosotros a la siguiente direcci\u00f3n:<\/p>\n<p>The HRH Action Framework Website<br \/>\nCapacity<em>Plus<\/em><br \/>\n6340 Quadrangle Drive, Suite 200<br \/>\nChapel Hill, NC 27517<\/p>\n<p>O escr\u00edbanos por <a href=\"https:\/\/www.capacityproject.org\/framework\/fr\/contactez-nous\/\">correo electr\u00f3nico<\/a>.<\/p>\n","protected":false},"excerpt":{"rendered":"<p>El sitio web del Marco de acci\u00f3n de RHS es una iniciativa de la Alianza Mundial por el Personal de Salud (Global Health Workforce Alliance \u2013 GHWA) y representa un esfuerzo de colaboraci\u00f3n entre la Agencia de los Estados Unidos para el Desarrollo Internacional (USAID) y la Organizaci\u00f3n Mundial de la Salud (OMS). CapacityPlus es [&hellip;]<\/p>\n","protected":false},"author":1,"featured_media":0,"parent":0,"menu_order":0,"comment_status":"open","ping_status":"open","template":"","meta":[],"_links":{"self":[{"href":"https:\/\/www.capacityproject.org\/framework\/es\/wp-json\/wp\/v2\/pages\/69"}],"collection":[{"href":"https:\/\/www.capacityproject.org\/framework\/es\/wp-json\/wp\/v2\/pages"}],"about":[{"href":"https:\/\/www.capacityproject.org\/framework\/es\/wp-json\/wp\/v2\/types\/page"}],"author":[{"embeddable":true,"href":"https:\/\/www.capacityproject.org\/framework\/es\/wp-json\/wp\/v2\/users\/1"}],"replies":[{"embeddable":true,"href":"https:\/\/www.capacityproject.org\/framework\/es\/wp-json\/wp\/v2\/comments?post=69"}],"version-history":[{"count":1,"href":"https:\/\/www.capacityproject.org\/framework\/es\/wp-json\/wp\/v2\/pages\/69\/revisions"}],"predecessor-version":[{"id":250,"href":"https:\/\/www.capacityproject.org\/framework\/es\/wp-json\/wp\/v2\/pages\/69\/revisions\/250"}],"wp:attachment":[{"href":"https:\/\/www.capacityproject.org\/framework\/es\/wp-json\/wp\/v2\/media?parent=69"}],"curies":[{"name":"wp","href":"https:\/\/api.w.org\/{rel}","templated":true}]}}