{"id":70,"date":"2008-04-28T19:10:25","date_gmt":"2008-04-28T23:10:25","guid":{"rendered":"http:\/\/hrhframework.devhammer.com\/framework\/es\/?page_id=4"},"modified":"2008-04-28T19:10:25","modified_gmt":"2008-04-28T23:10:25","slug":"contacto","status":"publish","type":"page","link":"https:\/\/www.capacityproject.org\/framework\/es\/contacto\/","title":{"rendered":"Contacto"},"content":{"rendered":"<p>Nuestra direcci\u00f3n es:<\/p>\n<p>The HRH Action Framework Website <br \/>\nThe Capacity Project <br \/>\n6340 Quadrangle Drive, Suite 200 <br \/>\nChapel Hill, NC 27517<\/p>\n<p>O escr\u00edbanos por correo electr\u00f3nico:<\/p>\n<form id=\"form1\" name=\"form1\" method=\"post\" action=\"..\/inc\/process_contact.php\">\n<p><label>Su nombre:<br \/>\n<input type=\"text\" name=\"name\" \/><\/label><\/p>\n<p><label>Su direcci\u00f3n de correo electr\u00f3nico:<br \/>\n<input name=\"email\" type=\"text\" id=\"email\" \/><\/label><\/p>\n<p><label>Sus comentarios: <br \/><textarea name=\"comments\" cols=\"30\" rows=\"8\" id=\"comments\"><\/textarea><br \/><\/label><\/p>\n<p><button type=\"submit\" name=\"Submit\">Enviar<\/button><\/p>\n<\/form> -->\n","protected":false},"excerpt":{"rendered":"<p>Nuestra direcci\u00f3n es: The HRH Action Framework Website The Capacity Project 6340 Quadrangle Drive, Suite 200 Chapel Hill, NC 27517 O escr\u00edbanos por correo electr\u00f3nico: Su nombre: Su direcci\u00f3n de correo electr\u00f3nico: Sus comentarios: Enviar<\/p>\n","protected":false},"author":1,"featured_media":0,"parent":0,"menu_order":0,"comment_status":"open","ping_status":"open","template":"","meta":[],"_links":{"self":[{"href":"https:\/\/www.capacityproject.org\/framework\/es\/wp-json\/wp\/v2\/pages\/70"}],"collection":[{"href":"https:\/\/www.capacityproject.org\/framework\/es\/wp-json\/wp\/v2\/pages"}],"about":[{"href":"https:\/\/www.capacityproject.org\/framework\/es\/wp-json\/wp\/v2\/types\/page"}],"author":[{"embeddable":true,"href":"https:\/\/www.capacityproject.org\/framework\/es\/wp-json\/wp\/v2\/users\/1"}],"replies":[{"embeddable":true,"href":"https:\/\/www.capacityproject.org\/framework\/es\/wp-json\/wp\/v2\/comments?post=70"}],"version-history":[{"count":0,"href":"https:\/\/www.capacityproject.org\/framework\/es\/wp-json\/wp\/v2\/pages\/70\/revisions"}],"wp:attachment":[{"href":"https:\/\/www.capacityproject.org\/framework\/es\/wp-json\/wp\/v2\/media?parent=70"}],"curies":[{"name":"wp","href":"https:\/\/api.w.org\/{rel}","templated":true}]}}