{"id":75,"date":"2008-04-28T19:31:06","date_gmt":"2008-04-28T23:31:06","guid":{"rendered":"http:\/\/hrhframework.devhammer.com\/framework\/es\/?page_id=10"},"modified":"2008-04-28T19:31:06","modified_gmt":"2008-04-28T23:31:06","slug":"enlaces","status":"publish","type":"page","link":"https:\/\/www.capacityproject.org\/framework\/es\/enlaces\/","title":{"rendered":"Enlaces con otros sitios web pertinentes"},"content":{"rendered":"<p>A continuaci\u00f3n encontrar\u00e1 una lista de otros sitios web relevantes que contienen informaci\u00f3n y recursos en RHS. Al hacer clic en estos enlaces saldr\u00e1 del sitio web del Marco de acci\u00f3n de RHS. Le proporcionamos estos enlaces para su conveniencia; la Alianza Mundial por el Personal de Salud y sus miembros no respaldan ni recomiendan espec\u00edficamente los recursos contenidos en estos sitios.<\/p>\n<p><strong><a href=\"http:\/\/www.eldis.ids.ac.uk\/go\/topics\/dossiers\/human-resources-for-health\">Eldis Human Resources for Health Dossier<\/a><\/strong> \u2013 Este informe de recursos humanos para la salud ofrece informaci\u00f3n pr\u00e1ctica y actualizada sobre c\u00f3mo abordar los problemas y temas relacionados con los recursos humanos en base a evidencias de lo que funciona e identificando innovaciones en cuanto a enfoques, pol\u00edticas y pr\u00e1cticas.<\/p>\n<p><strong><a href=\"http:\/\/www.who.int\/workforcealliance\/en\/\">Global Health Workforce Alliance<\/a><\/strong> \u2013 La Alianza Mundial por el Personal de Salud es un asocio que se dedica a identificar y aplicar soluciones para abordar la crisis de personal de salud. Re\u00fane a una diversidad de actores, incluyendo gobiernos nacionales, la sociedad civil, instituciones financieras, trabajadores, agencias internacionales, instituciones acad\u00e9micas y colegios y asociaciones profesionales.<\/p>\n<p><strong><a href=\"http:\/\/www.hrhresourcecenter.org\/\">HRH Global Resource Center<\/a><\/strong> (Centro Mundial de Recursos Humanos para la Salud) \u2013 Esta biblioteca digital, un servicio de Capacity Project, proporciona una base de conocimientos en l\u00ednea que permite la b\u00fasqueda de recursos de RHS y ofrece apoyo personalizado por parte de un equipo de gesti\u00f3n de la informaci\u00f3n con mucha experiencia.<\/p>\n<p><strong><a href=\"http:\/\/www.human-resources-health.com\/\">Human Resources for Health Journal<\/a><\/strong> \u2013 Una revista en l\u00ednea de libre acceso, revisada por pares, que abarca todos los aspectos de planificaci\u00f3n, desarrollo y gesti\u00f3n del personal de salud.<\/p>\n<p><strong><a href=\"http:\/\/erc.msh.org\/\">Manager\u2019s Electronic Resource Center<\/a><\/strong> \u2013 El ERC (por sus siglas en ingl\u00e9s), un servicio de Management Sciences for Health, proporciona una amplia gama de herramientas y recursos relevantes para los gerentes de salud, incluyendo recursos sobre desarrollo y gesti\u00f3n de los recursos humanos y liderazgo.<\/p>\n<p><strong><a href=\"http:\/\/www.who.int\/topics\/health_workforce\/en\/\">World Health Organization Health Workforce<\/a><\/strong> \u2013 Sitio web de la Organizaci\u00f3n Mundial de la Salud (OMS), con enlaces a informaci\u00f3n, publicaciones, programas y estad\u00edsticas de RHS.<\/p>\n","protected":false},"excerpt":{"rendered":"<p>A continuaci\u00f3n encontrar\u00e1 una lista de otros sitios web relevantes que contienen informaci\u00f3n y recursos en RHS. Al hacer clic en estos enlaces saldr\u00e1 del sitio web del Marco de acci\u00f3n de RHS. Le proporcionamos estos enlaces para su conveniencia; la Alianza Mundial por el Personal de Salud y sus miembros no respaldan ni recomiendan [&hellip;]<\/p>\n","protected":false},"author":1,"featured_media":0,"parent":0,"menu_order":0,"comment_status":"open","ping_status":"open","template":"","meta":[],"_links":{"self":[{"href":"https:\/\/www.capacityproject.org\/framework\/es\/wp-json\/wp\/v2\/pages\/75"}],"collection":[{"href":"https:\/\/www.capacityproject.org\/framework\/es\/wp-json\/wp\/v2\/pages"}],"about":[{"href":"https:\/\/www.capacityproject.org\/framework\/es\/wp-json\/wp\/v2\/types\/page"}],"author":[{"embeddable":true,"href":"https:\/\/www.capacityproject.org\/framework\/es\/wp-json\/wp\/v2\/users\/1"}],"replies":[{"embeddable":true,"href":"https:\/\/www.capacityproject.org\/framework\/es\/wp-json\/wp\/v2\/comments?post=75"}],"version-history":[{"count":0,"href":"https:\/\/www.capacityproject.org\/framework\/es\/wp-json\/wp\/v2\/pages\/75\/revisions"}],"wp:attachment":[{"href":"https:\/\/www.capacityproject.org\/framework\/es\/wp-json\/wp\/v2\/media?parent=75"}],"curies":[{"name":"wp","href":"https:\/\/api.w.org\/{rel}","templated":true}]}}