{"id":78,"date":"2008-04-28T19:40:54","date_gmt":"2008-04-28T23:40:54","guid":{"rendered":"http:\/\/hrhframework.devhammer.com\/framework\/es\/?page_id=13"},"modified":"2009-01-26T13:11:01","modified_gmt":"2009-01-26T17:11:01","slug":"liderazgo","status":"publish","type":"page","link":"https:\/\/www.capacityproject.org\/framework\/es\/liderazgo\/","title":{"rendered":"Liderazgo"},"content":{"rendered":"<h2>\u00c1reas de intervenci\u00f3n<\/h2>\n<ul>\n<li>Apoyar a las personas que promueven y abogan por los recursos humanos para la salud<\/li>\n<li>Capacidad de liderazgo y capacidad gerencial en todos los niveles<\/li>\n<li>Capacidad de encabezar la colaboraci\u00f3n multisectorial y colaboraci\u00f3n dentro del sector<\/li>\n<li>Fortalecer a las asociaciones de profesionales para que act\u00faen como l\u00edderes de sus afiliados<\/li>\n<\/ul>\n<h2>Indicadores<\/h2>\n<ul>\n<li>Evidencia de cabildeo de alto nivel para promover la implementaci\u00f3n del plan de RHS<\/li>\n<li>Programa de desarrollo de liderazgo establecido para los gerentes en todos los niveles<\/li>\n<li>Participaci\u00f3n de una amplia gama de interesados en los procesos de formulaci\u00f3n de pol\u00edticas y toma de decisiones (asociaciones de profesionales, investigadores, sindicatos, sector privado, organizaciones religiosas)<\/li>\n<\/ul>\n","protected":false},"excerpt":{"rendered":"<p>\u00c1reas de intervenci\u00f3n Apoyar a las personas que promueven y abogan por los recursos humanos para la salud Capacidad de liderazgo y capacidad gerencial en todos los niveles Capacidad de encabezar la colaboraci\u00f3n multisectorial y colaboraci\u00f3n dentro del sector Fortalecer a las asociaciones de profesionales para que act\u00faen como l\u00edderes de sus afiliados Indicadores Evidencia [&hellip;]<\/p>\n","protected":false},"author":1,"featured_media":0,"parent":0,"menu_order":0,"comment_status":"open","ping_status":"open","template":"","meta":[],"_links":{"self":[{"href":"https:\/\/www.capacityproject.org\/framework\/es\/wp-json\/wp\/v2\/pages\/78"}],"collection":[{"href":"https:\/\/www.capacityproject.org\/framework\/es\/wp-json\/wp\/v2\/pages"}],"about":[{"href":"https:\/\/www.capacityproject.org\/framework\/es\/wp-json\/wp\/v2\/types\/page"}],"author":[{"embeddable":true,"href":"https:\/\/www.capacityproject.org\/framework\/es\/wp-json\/wp\/v2\/users\/1"}],"replies":[{"embeddable":true,"href":"https:\/\/www.capacityproject.org\/framework\/es\/wp-json\/wp\/v2\/comments?post=78"}],"version-history":[{"count":1,"href":"https:\/\/www.capacityproject.org\/framework\/es\/wp-json\/wp\/v2\/pages\/78\/revisions"}],"predecessor-version":[{"id":127,"href":"https:\/\/www.capacityproject.org\/framework\/es\/wp-json\/wp\/v2\/pages\/78\/revisions\/127"}],"wp:attachment":[{"href":"https:\/\/www.capacityproject.org\/framework\/es\/wp-json\/wp\/v2\/media?parent=78"}],"curies":[{"name":"wp","href":"https:\/\/api.w.org\/{rel}","templated":true}]}}