{"id":79,"date":"2008-04-28T19:42:17","date_gmt":"2008-04-28T23:42:17","guid":{"rendered":"http:\/\/hrhframework.devhammer.com\/framework\/es\/?page_id=14"},"modified":"2009-01-26T13:12:14","modified_gmt":"2009-01-26T17:12:14","slug":"asocio","status":"publish","type":"page","link":"https:\/\/www.capacityproject.org\/framework\/es\/asocio\/","title":{"rendered":"Alianzas"},"content":{"rendered":"<h2>\u00c1reas de intervenci\u00f3n<\/h2>\n<ul>\n<li>Mecanismos y procesos de cooperaci\u00f3n entre m\u00faltiples interesados (por ejemplo, comit\u00e9s interministeriales, grupos asesores de los recursos humanos para la salud, observadores, grupos coordinadores de donantes)<\/li>\n<li>Acuerdos entre el sector p\u00fablico y privado<\/li>\n<li>Participaci\u00f3n comunitaria en la provisi\u00f3n de servicios, tratamiento y gobernanza de los servicios de salud<\/li>\n<\/ul>\n<h2>Indicadores<\/h2>\n<ul>\n<li>Existen mecanismos de coordinaci\u00f3n (por ejemplo, otros ministerios clave, donantes, proveedores de servicios, incluidos los proveedores de servicios del sector privado, asociaciones de profesionales, entre otros)<\/li>\n<li>Existen acuerdos vigentes entre el Ministerio de Salud y otros proveedores de servicios de salud<\/li>\n<li>Existen mecanismos para involucrar a las comunidades en la provisi\u00f3n de servicios<\/li>\n<\/ul>\n","protected":false},"excerpt":{"rendered":"<p>\u00c1reas de intervenci\u00f3n Mecanismos y procesos de cooperaci\u00f3n entre m\u00faltiples interesados (por ejemplo, comit\u00e9s interministeriales, grupos asesores de los recursos humanos para la salud, observadores, grupos coordinadores de donantes) Acuerdos entre el sector p\u00fablico y privado Participaci\u00f3n comunitaria en la provisi\u00f3n de servicios, tratamiento y gobernanza de los servicios de salud Indicadores Existen mecanismos de [&hellip;]<\/p>\n","protected":false},"author":1,"featured_media":0,"parent":0,"menu_order":0,"comment_status":"open","ping_status":"open","template":"","meta":[],"_links":{"self":[{"href":"https:\/\/www.capacityproject.org\/framework\/es\/wp-json\/wp\/v2\/pages\/79"}],"collection":[{"href":"https:\/\/www.capacityproject.org\/framework\/es\/wp-json\/wp\/v2\/pages"}],"about":[{"href":"https:\/\/www.capacityproject.org\/framework\/es\/wp-json\/wp\/v2\/types\/page"}],"author":[{"embeddable":true,"href":"https:\/\/www.capacityproject.org\/framework\/es\/wp-json\/wp\/v2\/users\/1"}],"replies":[{"embeddable":true,"href":"https:\/\/www.capacityproject.org\/framework\/es\/wp-json\/wp\/v2\/comments?post=79"}],"version-history":[{"count":1,"href":"https:\/\/www.capacityproject.org\/framework\/es\/wp-json\/wp\/v2\/pages\/79\/revisions"}],"predecessor-version":[{"id":128,"href":"https:\/\/www.capacityproject.org\/framework\/es\/wp-json\/wp\/v2\/pages\/79\/revisions\/128"}],"wp:attachment":[{"href":"https:\/\/www.capacityproject.org\/framework\/es\/wp-json\/wp\/v2\/media?parent=79"}],"curies":[{"name":"wp","href":"https:\/\/api.w.org\/{rel}","templated":true}]}}