{"id":82,"date":"2008-04-28T19:46:44","date_gmt":"2008-04-28T23:46:44","guid":{"rendered":"http:\/\/hrhframework.devhammer.com\/framework\/es\/?page_id=17"},"modified":"2008-10-03T11:25:47","modified_gmt":"2008-10-03T15:25:47","slug":"politicas","status":"publish","type":"page","link":"https:\/\/www.capacityproject.org\/framework\/es\/politicas\/","title":{"rendered":"Pol\u00edticas"},"content":{"rendered":"<h2>\u00c1reas de intervenci\u00f3n<\/h2>\n<ul>\n<li>Est\u00e1ndares profesionales, licenciamiento y acreditaci\u00f3n<\/li>\n<li>Normas de ejercicio profesional en salud<\/li>\n<li>Decisiones pol\u00edtica, sociales y financieras que afectan a los RHS<\/li>\n<li>Ley y reglamentos laborales para el servicio civil y otros empleadores<\/li>\n<\/ul>\n<h2>Indicadores<\/h2>\n<ul>\n<li>Existen pol\u00edticas de RHS<\/li>\n<li>Se han definido alcances de pr\u00e1ctica apropiados para todos los tipos de personal de salud<\/li>\n<\/ul>\n","protected":false},"excerpt":{"rendered":"<p>\u00c1reas de intervenci\u00f3n Est\u00e1ndares profesionales, licenciamiento y acreditaci\u00f3n Normas de ejercicio profesional en salud Decisiones pol\u00edtica, sociales y financieras que afectan a los RHS Ley y reglamentos laborales para el servicio civil y otros empleadores Indicadores Existen pol\u00edticas de RHS Se han definido alcances de pr\u00e1ctica apropiados para todos los tipos de personal de salud<\/p>\n","protected":false},"author":1,"featured_media":0,"parent":0,"menu_order":0,"comment_status":"open","ping_status":"open","template":"","meta":[],"_links":{"self":[{"href":"https:\/\/www.capacityproject.org\/framework\/es\/wp-json\/wp\/v2\/pages\/82"}],"collection":[{"href":"https:\/\/www.capacityproject.org\/framework\/es\/wp-json\/wp\/v2\/pages"}],"about":[{"href":"https:\/\/www.capacityproject.org\/framework\/es\/wp-json\/wp\/v2\/types\/page"}],"author":[{"embeddable":true,"href":"https:\/\/www.capacityproject.org\/framework\/es\/wp-json\/wp\/v2\/users\/1"}],"replies":[{"embeddable":true,"href":"https:\/\/www.capacityproject.org\/framework\/es\/wp-json\/wp\/v2\/comments?post=82"}],"version-history":[{"count":0,"href":"https:\/\/www.capacityproject.org\/framework\/es\/wp-json\/wp\/v2\/pages\/82\/revisions"}],"wp:attachment":[{"href":"https:\/\/www.capacityproject.org\/framework\/es\/wp-json\/wp\/v2\/media?parent=82"}],"curies":[{"name":"wp","href":"https:\/\/api.w.org\/{rel}","templated":true}]}}