{"id":84,"date":"2008-04-28T19:55:26","date_gmt":"2008-04-28T23:55:26","guid":{"rendered":"http:\/\/hrhframework.devhammer.com\/framework\/es\/?page_id=20"},"modified":"2008-04-28T19:55:26","modified_gmt":"2008-04-28T23:55:26","slug":"sugiera-un-recurso","status":"publish","type":"page","link":"https:\/\/www.capacityproject.org\/framework\/es\/sugiera-un-recurso\/","title":{"rendered":"Sugiera un recurso"},"content":{"rendered":"<form id=\"form2\" name=\"form2\" method=\"post\" action=\"..\/inc\/process_resource.php\">\n<p><label>Enlace al recurso:<\/p>\n<p><input type=\"text\" name=\"link\" \/><\/label><\/p>\n<p><label>T\u00edtulo del recurso:<\/p>\n<p><input type=\"text\" name=\"title\" \/><\/label><\/p>\n<p><label>Autor o editorial:<\/p>\n<p><input type=\"text\" name=\"author\" \/><\/label><\/p>\n<p><label>\u00bfPor qu\u00e9 sugiere este recurso? <br \/><textarea name=\"reasons\" cols=\"30\" rows=\"8\" id=\"reasons\"><\/textarea><br \/><\/label><\/p>\n<p><label>Nombre:<\/p>\n<p><input type=\"text\" name=\"name\" \/><\/label><\/p>\n<p><label>Direcci\u00f3n de correo electr\u00f3nico:<\/p>\n<p><input name=\"email\" type=\"text\" id=\"email\" \/><\/label><\/p>\n<p><button type=\"submit\" name=\"Submit\">Enviar<\/button><\/p>\n<\/form> -->\n","protected":false},"excerpt":{"rendered":"<p>Enlace al recurso: T\u00edtulo del recurso: Autor o editorial: \u00bfPor qu\u00e9 sugiere este recurso? Nombre: Direcci\u00f3n de correo electr\u00f3nico: Enviar<\/p>\n","protected":false},"author":1,"featured_media":0,"parent":0,"menu_order":0,"comment_status":"open","ping_status":"open","template":"","meta":[],"_links":{"self":[{"href":"https:\/\/www.capacityproject.org\/framework\/es\/wp-json\/wp\/v2\/pages\/84"}],"collection":[{"href":"https:\/\/www.capacityproject.org\/framework\/es\/wp-json\/wp\/v2\/pages"}],"about":[{"href":"https:\/\/www.capacityproject.org\/framework\/es\/wp-json\/wp\/v2\/types\/page"}],"author":[{"embeddable":true,"href":"https:\/\/www.capacityproject.org\/framework\/es\/wp-json\/wp\/v2\/users\/1"}],"replies":[{"embeddable":true,"href":"https:\/\/www.capacityproject.org\/framework\/es\/wp-json\/wp\/v2\/comments?post=84"}],"version-history":[{"count":0,"href":"https:\/\/www.capacityproject.org\/framework\/es\/wp-json\/wp\/v2\/pages\/84\/revisions"}],"wp:attachment":[{"href":"https:\/\/www.capacityproject.org\/framework\/es\/wp-json\/wp\/v2\/media?parent=84"}],"curies":[{"name":"wp","href":"https:\/\/api.w.org\/{rel}","templated":true}]}}