{"id":2,"date":"2008-03-17T12:36:06","date_gmt":"2008-03-17T16:36:06","guid":{"rendered":""},"modified":"2011-02-04T16:08:46","modified_gmt":"2011-02-04T20:08:46","slug":"about","status":"publish","type":"page","link":"https:\/\/www.capacityproject.org\/framework\/fr\/about\/","title":{"rendered":"A propos du Cadre d\u2019action RHS"},"content":{"rendered":"<p>Le Cadre d\u2019action RHS a \u00e9t\u00e9 mis au point gr\u00e2ce \u00e0 une initiative de Global Health Workforce Alliance (GHWA). Il s\u2019agit d\u2019un travail de collaboration entre l\u2019Agence des Etats-Unis pour le D\u00e9veloppement International (USAID) et l\u2019Organisation Mondiale de la Sant\u00e9 (OMS). Capacity<em>Plus<\/em> est l\u2019administrateur du site web.<\/p>\n<p>D\u2019autres informations&#8230;<\/p>\n<p>Le travail de fond pour formuler le Cadre d\u2019action RHS a commenc\u00e9 lors d\u2019une r\u00e9union en d\u00e9cembre 2005 organis\u00e9e par l\u2019USAID et l\u2019OMS et qui s\u2019est tenue au si\u00e8ge de l\u2019Organisation Panam\u00e9ricaine de la Sant\u00e9 (OPS &#8211; PAHO). Des repr\u00e9sentants d\u2019organismes multilat\u00e9raux et bilat\u00e9raux, d\u2019organisations non gouvernementales et la communaut\u00e9 universitaire ont particip\u00e9 1a la r\u00e9union pr\u00eatant leur concours \u00e0 la mise au point de ce cadre technique commun pour les RHS.<\/p>\n<p>Ces organisations \u00e9taient les suivantes :<br \/>\nAfrican Council for Sustainable Development (ACOSHED)<br \/>\nCapacity Project partners from IntraHealth International, Liverpool Associates in Tropical Health (LATH) and Training Resources Group (TRG)<br \/>\nCanadian International Development Agency (CIDA)<br \/>\nCanadian Institutes of Health Research (CIHR)<br \/>\nGhana Ministry of Health<br \/>\nGlobal Equity Initiative<br \/>\nGlobal Health Workforce Alliance<br \/>\nHealth Canada<br \/>\nHealth Resources and Services Administration, U.S. Department of Health and Human Services (HRSA)<br \/>\nInternational Training and Education Center on HIV (I-TECH)<br \/>\nManagement Sciences for Health (MSH)<br \/>\nMinistry of Health \u2013 Seychelles<br \/>\nMinistry of Health, Zambia<br \/>\nNew Partnership for Africa\u2019s Development (NEPAD)<br \/>\nOffice of Global Health, Centers for Disease Control and Prevention (CDC) Partners for Health Reformplus Project (PHRplus)<br \/>\nSchool of Public Health, University of the Western Cape<br \/>\nU.S. Agency for International Development (USAID)<br \/>\nWorld Health Organization Regional Office for Africa (WHO\/AFRO)<br \/>\nWorld Health Organization, Geneva (WHO)<br \/>\nWorld Bank<\/p>\n<p>Pour de plus amples informations, voici notre adresse :<\/p>\n<p>The HRH Action Framework Website<br \/>\nCapacity<em>Plus<\/em><br \/>\n6340 Quadrangle Drive, Suite 200<br \/>\nChapel Hill, NC 27517<\/p>\n<p>Ou contactez-nous par <a href=\"http:\/\/www.capacityproject.org\/framework\/fr\/contactez-nous\/\">email<\/a>.<\/p>\n","protected":false},"excerpt":{"rendered":"<p>Le Cadre d\u2019action RHS a \u00e9t\u00e9 mis au point gr\u00e2ce \u00e0 une initiative de Global Health Workforce Alliance (GHWA). Il s\u2019agit d\u2019un travail de collaboration entre l\u2019Agence des Etats-Unis pour le D\u00e9veloppement International (USAID) et l\u2019Organisation Mondiale de la Sant\u00e9 (OMS). CapacityPlus est l\u2019administrateur du site web. D\u2019autres informations&#8230; Le travail de fond pour formuler [&hellip;]<\/p>\n","protected":false},"author":1,"featured_media":0,"parent":0,"menu_order":0,"comment_status":"open","ping_status":"open","template":"","meta":[],"_links":{"self":[{"href":"https:\/\/www.capacityproject.org\/framework\/fr\/wp-json\/wp\/v2\/pages\/2"}],"collection":[{"href":"https:\/\/www.capacityproject.org\/framework\/fr\/wp-json\/wp\/v2\/pages"}],"about":[{"href":"https:\/\/www.capacityproject.org\/framework\/fr\/wp-json\/wp\/v2\/types\/page"}],"author":[{"embeddable":true,"href":"https:\/\/www.capacityproject.org\/framework\/fr\/wp-json\/wp\/v2\/users\/1"}],"replies":[{"embeddable":true,"href":"https:\/\/www.capacityproject.org\/framework\/fr\/wp-json\/wp\/v2\/comments?post=2"}],"version-history":[{"count":3,"href":"https:\/\/www.capacityproject.org\/framework\/fr\/wp-json\/wp\/v2\/pages\/2\/revisions"}],"predecessor-version":[{"id":298,"href":"https:\/\/www.capacityproject.org\/framework\/fr\/wp-json\/wp\/v2\/pages\/2\/revisions\/298"}],"wp:attachment":[{"href":"https:\/\/www.capacityproject.org\/framework\/fr\/wp-json\/wp\/v2\/media?parent=2"}],"curies":[{"name":"wp","href":"https:\/\/api.w.org\/{rel}","templated":true}]}}