{"id":71,"date":"2008-02-16T17:22:31","date_gmt":"2008-02-16T22:22:31","guid":{"rendered":"http:\/\/www.capacityproject.org\/framework_wp\/fr\/?page_id=71"},"modified":"2008-05-02T10:32:24","modified_gmt":"2008-05-02T14:32:24","slug":"liens","status":"publish","type":"page","link":"https:\/\/www.capacityproject.org\/framework\/fr\/liens\/","title":{"rendered":"Liens \u00e0 d\u2019autres sites web utiles"},"content":{"rendered":"<p>Voici une liste de sites contenant des informations et de la documentation sur les RHS. En cliquant sur ces liens, vous sortez du Cadre d\u2019action RHS. Ces liens pourront vous \u00eatre utiles. Global Health Workforce Alliance et ses membres n\u2019avalisent pas et ne recommandent pas sp\u00e9cifiquement ces sites.<\/p>\n<p><a target=\"_blank\" href=\"http:\/\/www.eldis.ids.ac.uk\/go\/topics\/dossiers\/human-resources-for-health\"><strong>Eldis Human Resources for Health Dossier<\/strong><\/a> \u2013 Ce dossier de ressources humaines en sant\u00e9 apporte des informations pratiques et \u00e0 jour sur des r\u00e9ponses possibles \u00e0 la crise des ressources humaines, r\u00e9unissant des donn\u00e9es probantes sur ce qui a r\u00e9ussi et en pr\u00e9sentant des innovations au niveau des approches, politiques et pratiques.<\/p>\n<p><a target=\"_blank\" href=\"http:\/\/www.who.int\/workforcealliance\/en\/\"><strong>Global Health Workforce Alliance<\/strong><\/a> \u2013 The Global Health Workforce Alliance est un partenariat qui recherche et applique des solutions \u00e0 la situation de crise li\u00e9e au personnel de sant\u00e9.\u00a0 Au profil polyvalent, il regroupe divers intervenants dont des gouvernements nationaux, la soci\u00e9t\u00e9 civile, des \u00e9tablissements de financement, des agents de sant\u00e9, des organismes internationaux, des institutions universitaires et des associations professionnelles.<\/p>\n<p><a target=\"_blank\" href=\"http:\/\/www.hrhresourcecenter.org\/\"><strong>HRH Global Resource Center<\/strong><\/a> \u2013 Service du Capacity Project, cette biblioth\u00e8que num\u00e9rique est une base de connaissance sur le web sur les ressources en RHS avec un soutien personnalis\u00e9 de la part d\u2019une \u00e9quipe chevronn\u00e9e dans le domaine de la gestion des connaissances.<\/p>\n<p><a target=\"_blank\" href=\"http:\/\/www.human-resources-health.com\/\"><strong>Human Resources for Health Journal<\/strong><\/a> \u2013 Bulletin en ligne et en libre acc\u00e8s valid\u00e9 par des professionnels de la sant\u00e9 couvrant tous les aspects de la planification, cr\u00e9ation et gestion du personnel de sant\u00e9.<\/p>\n<p><a target=\"_blank\" href=\"http:\/\/erc.msh.org\/\"><strong>Manager\u2019s Electronic Resource Center<\/strong><\/a> \u2013 Service de Management Sciences for Health, le Centre des Ressources \u00e9lectroniques pr\u00e9sente toute une gamme d\u2019outils et de ressources int\u00e9ressant les responsables de la sant\u00e9, notamment des ressources sur le renforcement et la gestion des ressources humaines et le leadership.<\/p>\n<p><a target=\"_blank\" href=\"http:\/\/www.who.int\/topics\/health_workforce\/en\/\"><strong>Personnel de sant\u00e9 de l\u2019Organisation Mondiale de la Sant\u00e9<\/strong><\/a> \u2013 site web de l\u2019OMS avec des liens sur lesinformations, les publications, les programmes et les statistiques en RHS.<\/p>\n","protected":false},"excerpt":{"rendered":"<p>Voici une liste de sites contenant des informations et de la documentation sur les RHS. En cliquant sur ces liens, vous sortez du Cadre d\u2019action RHS. Ces liens pourront vous \u00eatre utiles. Global Health Workforce Alliance et ses membres n\u2019avalisent pas et ne recommandent pas sp\u00e9cifiquement ces sites. Eldis Human Resources for Health Dossier \u2013 [&hellip;]<\/p>\n","protected":false},"author":1,"featured_media":0,"parent":0,"menu_order":0,"comment_status":"open","ping_status":"open","template":"","meta":[],"_links":{"self":[{"href":"https:\/\/www.capacityproject.org\/framework\/fr\/wp-json\/wp\/v2\/pages\/71"}],"collection":[{"href":"https:\/\/www.capacityproject.org\/framework\/fr\/wp-json\/wp\/v2\/pages"}],"about":[{"href":"https:\/\/www.capacityproject.org\/framework\/fr\/wp-json\/wp\/v2\/types\/page"}],"author":[{"embeddable":true,"href":"https:\/\/www.capacityproject.org\/framework\/fr\/wp-json\/wp\/v2\/users\/1"}],"replies":[{"embeddable":true,"href":"https:\/\/www.capacityproject.org\/framework\/fr\/wp-json\/wp\/v2\/comments?post=71"}],"version-history":[{"count":0,"href":"https:\/\/www.capacityproject.org\/framework\/fr\/wp-json\/wp\/v2\/pages\/71\/revisions"}],"wp:attachment":[{"href":"https:\/\/www.capacityproject.org\/framework\/fr\/wp-json\/wp\/v2\/media?parent=71"}],"curies":[{"name":"wp","href":"https:\/\/api.w.org\/{rel}","templated":true}]}}