{"id":73,"date":"2008-02-16T17:43:58","date_gmt":"2008-02-16T22:43:58","guid":{"rendered":"http:\/\/www.capacityproject.org\/framework_wp\/fr\/?page_id=73"},"modified":"2008-05-02T09:57:21","modified_gmt":"2008-05-02T13:57:21","slug":"facteurs-critiques-de-reussite","status":"publish","type":"page","link":"https:\/\/www.capacityproject.org\/framework\/fr\/facteurs-critiques-de-reussite\/","title":{"rendered":"Facteurs critiques de r\u00e9ussite"},"content":{"rendered":"<div class=\"col right\">\n<h2>Facteurs  li\u00e9s au contenu<\/h2>\n<h3>Planification et pratiques ax\u00e9es sur les r\u00e9sultats<\/h3>\n<p>Strat\u00e9gies et actions en RHS visant \u00e0 obtenir des am\u00e9liorations durables.<\/p>\n<h3>Alignement sur les syst\u00e8mes<\/h3>\n<p>Les strat\u00e9gies RHS sont harmonis\u00e9es avec les composantes concern\u00e9es du syst\u00e8me de sant\u00e9 (M&amp;E, cha\u00eene d\u2019approvisionnement, finances).<\/p>\n<h3>Prise de d\u00e9cisions bas\u00e9es sur la connaissance<\/h3>\n<p>La prise de d\u00e9cisions repose sur la meilleure exp\u00e9rience disponible en RHS, faits \u00e0 l\u2019appui.<\/p>\n<h3>Optiques ax\u00e9es sur l\u2019apprentissage<\/h3>\n<p>Utilisation du M&amp;E pour d\u00e9gager et retenir l\u2019enseignement et les meilleures pratiques qui seront partag\u00e9es dans le pays et dans le monde.<\/p>\n<h3>Solutions novatrices<\/h3>\n<p>Ouverture \u00e0 de nouvelles solutions pour venir \u00e0 bout de probl\u00e8mes chroniques au niveau des RHS.<\/p>\n<h3>Approches compl\u00e8tes et int\u00e9gr\u00e9es<\/h3>\n<p>Les strat\u00e9gies et activit\u00e9s de RHS sont inform\u00e9es par le secteur de la sant\u00e9, agissent en interaction et touchent chaque facette de ce secteur en utilisant une approche holistique m\u00eame si l\u2019on d\u00e9bute dans un domaine donn\u00e9.\n<\/p><\/div>\n<div class=\"col left\">\n<h2>Facteurs li\u00e9s au processus<\/h2>\n<h3>Initiatives men\u00e9es par les pays<\/h3>\n<p>Am\u00e9liorations des RHS qui sont entreprises par le pays plut\u00f4t par les partenaires externes.<\/p>\n<h3>Actions soutenues par le Gouvernement<\/h3>\n<p>Engagement pris par le gouvernement pour soutenir des actions qui contribuent \u00e0 la mise \u00e0 disposition du personnel de sant\u00e9 sur le long terme.<\/p>\n<h3>Engagement multisectoriel<\/h3>\n<p>Engagement pris par tous les secteurs pour le renforcement du personnel de sant\u00e9 (finances, \u00e9ducation, prestataires priv\u00e9s-publics, etc.)<\/p>\n<h3>Engagement multipartite<\/h3>\n<p>Participation de groupes d\u2019int\u00e9r\u00eat concern\u00e9s par une action particuli\u00e8re (par exemple, ONG, groupes de patients, associations professionnelles, comit\u00e9s de coordination des bailleurs de fonds, etc.)<\/p>\n<h3>Alignement des bailleurs de fonds<\/h3>\n<p>Le soutien des bailleurs est coordonn\u00e9 et align\u00e9s sur les plans RHS du pays donn\u00e9.<\/p>\n<h3>Equit\u00e9 entre les genres<\/h3>\n<p>Les diff\u00e9rences entre les genres sont prises en compte dans les analyses et la formulation des strat\u00e9gies de RHS.<\/p><\/div>\n","protected":false},"excerpt":{"rendered":"<p>Facteurs li\u00e9s au contenu Planification et pratiques ax\u00e9es sur les r\u00e9sultats Strat\u00e9gies et actions en RHS visant \u00e0 obtenir des am\u00e9liorations durables. Alignement sur les syst\u00e8mes Les strat\u00e9gies RHS sont harmonis\u00e9es avec les composantes concern\u00e9es du syst\u00e8me de sant\u00e9 (M&amp;E, cha\u00eene d\u2019approvisionnement, finances). Prise de d\u00e9cisions bas\u00e9es sur la connaissance La prise de d\u00e9cisions repose [&hellip;]<\/p>\n","protected":false},"author":1,"featured_media":0,"parent":0,"menu_order":0,"comment_status":"open","ping_status":"open","template":"","meta":[],"_links":{"self":[{"href":"https:\/\/www.capacityproject.org\/framework\/fr\/wp-json\/wp\/v2\/pages\/73"}],"collection":[{"href":"https:\/\/www.capacityproject.org\/framework\/fr\/wp-json\/wp\/v2\/pages"}],"about":[{"href":"https:\/\/www.capacityproject.org\/framework\/fr\/wp-json\/wp\/v2\/types\/page"}],"author":[{"embeddable":true,"href":"https:\/\/www.capacityproject.org\/framework\/fr\/wp-json\/wp\/v2\/users\/1"}],"replies":[{"embeddable":true,"href":"https:\/\/www.capacityproject.org\/framework\/fr\/wp-json\/wp\/v2\/comments?post=73"}],"version-history":[{"count":1,"href":"https:\/\/www.capacityproject.org\/framework\/fr\/wp-json\/wp\/v2\/pages\/73\/revisions"}],"predecessor-version":[{"id":227,"href":"https:\/\/www.capacityproject.org\/framework\/fr\/wp-json\/wp\/v2\/pages\/73\/revisions\/227"}],"wp:attachment":[{"href":"https:\/\/www.capacityproject.org\/framework\/fr\/wp-json\/wp\/v2\/media?parent=73"}],"curies":[{"name":"wp","href":"https:\/\/api.w.org\/{rel}","templated":true}]}}