{"id":81,"date":"2008-02-19T14:53:07","date_gmt":"2008-02-19T19:53:07","guid":{"rendered":"http:\/\/www.capacityproject.org\/framework_wp\/fr\/?page_id=81"},"modified":"2009-01-13T12:39:45","modified_gmt":"2009-01-13T16:39:45","slug":"partenariat","status":"publish","type":"page","link":"https:\/\/www.capacityproject.org\/framework\/fr\/partenariat\/","title":{"rendered":"Partenariat"},"content":{"rendered":"<h2>Domaines d\u2019intervention<\/h2>\n<ul>\n<li>M\u00e9canismes et processus destin\u00e9s \u00e0 la coop\u00e9ration multipartite (comit\u00e9s interminist\u00e9riels, organes consultatifs du personnel de sant\u00e9, observatoires, groupes de coordination des investisseurs)<\/li>\n<li>Accords entre les secteurs public et priv\u00e9<\/li>\n<li>Engagement communautaire en mati\u00e8re de soins, de traitement et de gouvernance des services de sant\u00e9<\/li>\n<\/ul>\n<h2>Indicateurs<\/h2>\n<ul>\n<li>M\u00e9canismes en place pour la coordination (par exemple, autres minist\u00e8res, investisseurs, prestataires de services essentiels, notamment ceux du secteur priv\u00e9, associations de professionnels, etc.)<\/li>\n<li>Accords en place entre le Minist\u00e8re de la Sant\u00e9 et d\u2019autres prestataires de soins de sant\u00e9<\/li>\n<li>M\u00e9canismes\u00a0 en place pour impliquer les communaut\u00e9s dans les services de soins<\/li>\n<\/ul>\n","protected":false},"excerpt":{"rendered":"<p>Domaines d\u2019intervention M\u00e9canismes et processus destin\u00e9s \u00e0 la coop\u00e9ration multipartite (comit\u00e9s interminist\u00e9riels, organes consultatifs du personnel de sant\u00e9, observatoires, groupes de coordination des investisseurs) Accords entre les secteurs public et priv\u00e9 Engagement communautaire en mati\u00e8re de soins, de traitement et de gouvernance des services de sant\u00e9 Indicateurs M\u00e9canismes en place pour la coordination (par exemple, [&hellip;]<\/p>\n","protected":false},"author":1,"featured_media":0,"parent":0,"menu_order":0,"comment_status":"open","ping_status":"open","template":"","meta":[],"_links":{"self":[{"href":"https:\/\/www.capacityproject.org\/framework\/fr\/wp-json\/wp\/v2\/pages\/81"}],"collection":[{"href":"https:\/\/www.capacityproject.org\/framework\/fr\/wp-json\/wp\/v2\/pages"}],"about":[{"href":"https:\/\/www.capacityproject.org\/framework\/fr\/wp-json\/wp\/v2\/types\/page"}],"author":[{"embeddable":true,"href":"https:\/\/www.capacityproject.org\/framework\/fr\/wp-json\/wp\/v2\/users\/1"}],"replies":[{"embeddable":true,"href":"https:\/\/www.capacityproject.org\/framework\/fr\/wp-json\/wp\/v2\/comments?post=81"}],"version-history":[{"count":2,"href":"https:\/\/www.capacityproject.org\/framework\/fr\/wp-json\/wp\/v2\/pages\/81\/revisions"}],"predecessor-version":[{"id":129,"href":"https:\/\/www.capacityproject.org\/framework\/fr\/wp-json\/wp\/v2\/pages\/81\/revisions\/129"}],"wp:attachment":[{"href":"https:\/\/www.capacityproject.org\/framework\/fr\/wp-json\/wp\/v2\/media?parent=81"}],"curies":[{"name":"wp","href":"https:\/\/api.w.org\/{rel}","templated":true}]}}