{"id":84,"date":"2008-02-19T14:55:28","date_gmt":"2008-02-19T19:55:28","guid":{"rendered":"http:\/\/www.capacityproject.org\/framework_wp\/fr\/?page_id=84"},"modified":"2008-02-19T14:55:28","modified_gmt":"2008-02-19T19:55:28","slug":"politiques","status":"publish","type":"page","link":"https:\/\/www.capacityproject.org\/framework\/fr\/politiques\/","title":{"rendered":"Politiques"},"content":{"rendered":"<h2>Domaines d\u2019intervention<\/h2>\n<ul>\n<li>Normes professionnelles, autorisation d\u2019exercer et homologation<\/li>\n<li>T\u00e2ches autoris\u00e9es pour les divers groupes de praticiens<\/li>\n<li>D\u00e9cisions et choix politiques, sociaux et financiers qui concernent les RHS<\/li>\n<li>Lois du travail et r\u00e9glementations pour la fonction publique et d\u2019autres employeurs.<\/li>\n<\/ul>\n<h2>Indicateurs<\/h2>\n<ul>\n<li>Existence de politiques de RHS <\/li>\n<li>Description des t\u00e2ches selon les niveaux. <\/li>\n<\/ul>\n","protected":false},"excerpt":{"rendered":"<p>Domaines d\u2019intervention Normes professionnelles, autorisation d\u2019exercer et homologation T\u00e2ches autoris\u00e9es pour les divers groupes de praticiens D\u00e9cisions et choix politiques, sociaux et financiers qui concernent les RHS Lois du travail et r\u00e9glementations pour la fonction publique et d\u2019autres employeurs. Indicateurs Existence de politiques de RHS Description des t\u00e2ches selon les niveaux.<\/p>\n","protected":false},"author":1,"featured_media":0,"parent":0,"menu_order":0,"comment_status":"open","ping_status":"open","template":"","meta":[],"_links":{"self":[{"href":"https:\/\/www.capacityproject.org\/framework\/fr\/wp-json\/wp\/v2\/pages\/84"}],"collection":[{"href":"https:\/\/www.capacityproject.org\/framework\/fr\/wp-json\/wp\/v2\/pages"}],"about":[{"href":"https:\/\/www.capacityproject.org\/framework\/fr\/wp-json\/wp\/v2\/types\/page"}],"author":[{"embeddable":true,"href":"https:\/\/www.capacityproject.org\/framework\/fr\/wp-json\/wp\/v2\/users\/1"}],"replies":[{"embeddable":true,"href":"https:\/\/www.capacityproject.org\/framework\/fr\/wp-json\/wp\/v2\/comments?post=84"}],"version-history":[{"count":0,"href":"https:\/\/www.capacityproject.org\/framework\/fr\/wp-json\/wp\/v2\/pages\/84\/revisions"}],"wp:attachment":[{"href":"https:\/\/www.capacityproject.org\/framework\/fr\/wp-json\/wp\/v2\/media?parent=84"}],"curies":[{"name":"wp","href":"https:\/\/api.w.org\/{rel}","templated":true}]}}